{"id":605,"date":"2018-01-26T02:42:02","date_gmt":"2018-01-26T01:42:02","guid":{"rendered":"http:\/\/ajguil.net\/ura\/?page_id=605"},"modified":"2023-09-04T11:23:52","modified_gmt":"2023-09-04T09:23:52","slug":"matinees-theatrales-de-lunion-aquitaine-fncta","status":"publish","type":"page","link":"http:\/\/ajguil.net\/ura\/?page_id=605","title":{"rendered":"Matin\u00e9es Th\u00e9\u00e2trales de la FNCTA-URA. Postulez !"},"content":{"rendered":"<p><strong><span style=\"color: #800000;\">21 janvier 2024 &#8211; 11 f\u00e9vrier 2024<\/span><\/strong><\/p>\n<p><strong><span style=\"color: #800000;\">\u00e0 15h30 &#8211; Salle des f\u00eates Maurice D\u00e9jean &#8211; Pompignac (33).<\/span><\/strong><\/p>\n<p><strong>Nous vous accueillons dans la salle d\u00e8s le matin \u00e0 9h00<\/strong> pour les r\u00e9glages techniques, filage &#8230;<br \/>\nNous vous offrons le caf\u00e9 pot d&rsquo;accueil, rafra\u00eechissements et repas de midi.<\/p>\n<p>Tous les com\u00e9diens du plateau doivent \u00eates licenci\u00e9s FNCTA<br \/>\nLa recette du chapeau vous appartient. Vous en faites ce que vous voulez !<br \/>\nVous payez les droits SACD de votre spectacle. Nous vous les remboursons apr\u00e8s votre passage sur sc\u00e8ne au vu de\u00a0<strong>votre facture SACD\u00a0pay\u00e9e<\/strong>.<\/p>\n<p><a href=\"https:\/\/forms.gle\/sGhwaxys7mK7MqpN6\" target=\"_blank\" rel=\"noopener\"><span style=\"color: #993366;\"><strong>Vous pouvez postuler pour les Matin\u00e9es Th\u00e9\u00e2trales de la FNCTA UNION R\u00c9GIONALE AQUITAINE<\/strong><\/span><\/a><br \/>\n<span style=\"color: #993366;\"><strong>Les troupes d&rsquo;Aquitaine seront privil\u00e9gi\u00e9es car il n&rsquo;est pas pr\u00e9vu de participation aux frais de route<\/strong><\/span><br \/>\n<span style=\"color: #ff0000;\"><strong>Il vous suffit de vous inscrire :\u00a0<a style=\"color: #ff0000;\" href=\"https:\/\/goo.gl\/forms\/InzG0XLJ4P0L1Dnj2\" data-for=\"at-external-link\">ICI<\/a><\/strong><\/span><\/p>\n<div class=\"freebirdFormviewerViewHeaderRequiredLegend\" dir=\"auto\" aria-hidden=\"true\"><strong><span style=\"color: #0000ff;\">Votre compagnie est affili\u00e9e \u00e0 la FNCTA?<\/span><\/strong><br \/>\nNous militons tous pour le th\u00e9\u00e2tre contemporain et les cr\u00e9ations.<br \/>\n<span style=\"color: #ff0000;\"><strong>L\u2019Union R\u00e9gionale Aquitaine<\/strong><\/span><strong> <span style=\"color: #ff0000;\">soutient vos initiatives<\/span><\/strong> quand vous revendiquez votre appartenance \u00e0 notre F\u00e9d\u00e9ration Nationale des Compagnies de Th\u00e9\u00e2tre amateur et d\u2019Animation en ins\u00e9rant par exemple le logo <span style=\"color: #ff0000;\"><strong>FNCTA <a href=\"http:\/\/ajguil.net\/ura\/wp-content\/uploads\/2017\/10\/fnctalogo2cm-e1518602791252.jpg\">national<\/a> ou <a href=\"http:\/\/ajguil.net\/ura\/wp-content\/uploads\/2016\/11\/AQUITAINE-logo-2x2.jpg\">r\u00e9gional<\/a><\/strong><\/span> sur vos moyens de communication tels affiches, flyers, images en ligne etc\u2026, lorsque vous jouez publiquement chez vous ou dans d\u2019autres salles.<\/div>\n<div class=\"freebirdFormviewerViewHeaderRequiredLegend\" dir=\"auto\" aria-hidden=\"true\"><strong>L&rsquo;Union R\u00e9gionale diffuse alors vos affiches, annonces, articles etc&#8230;<\/strong><\/div>\n<p><a href=\"https:\/\/xoyondo.com\/dp\/cOhebOoloSRMRnf\" target=\"_blank\" rel=\"noopener\" data-for=\"at-external-link\"><strong><span style=\"color: #0000ff;\">Vous souhaitez r\u00e9server des places pour une prochaine s\u00e9ance?<\/span><\/strong><\/a><br \/>\nR\u00e9servez votre place : <a href=\"http:\/\/xoyondo.com\/dp\/cOhebOoloSRMRnf\" data-for=\"at-external-link\">ICI<\/a><\/p>\n<p>Salle des f\u00eates Maurice D\u00e9jean &#8211; Pompignac :<br \/>\nAttente dans le hall \u00e0 15h15. Entr\u00e9e dans la salle \u00e0 15h25.<br \/>\n<strong>L&rsquo;acc\u00e8s \u00e0 la salle n&rsquo;est pas autoris\u00e9 apr\u00e8s le d\u00e9but du spectacle.<\/strong><\/p>\n","protected":false},"excerpt":{"rendered":"<p>21 janvier 2024 &#8211; 11 f\u00e9vrier 2024 \u00e0 15h30 &#8211; Salle des f\u00eates Maurice D\u00e9jean <a class=\"more-link\" href=\"http:\/\/ajguil.net\/ura\/?page_id=605\">[&#8230;]<\/a><\/p>\n","protected":false},"author":2,"featured_media":0,"parent":0,"menu_order":0,"comment_status":"closed","ping_status":"closed","template":"","meta":{"footnotes":""},"class_list":["post-605","page","type-page","status-publish","hentry"],"_links":{"self":[{"href":"http:\/\/ajguil.net\/ura\/index.php?rest_route=\/wp\/v2\/pages\/605","targetHints":{"allow":["GET"]}}],"collection":[{"href":"http:\/\/ajguil.net\/ura\/index.php?rest_route=\/wp\/v2\/pages"}],"about":[{"href":"http:\/\/ajguil.net\/ura\/index.php?rest_route=\/wp\/v2\/types\/page"}],"author":[{"embeddable":true,"href":"http:\/\/ajguil.net\/ura\/index.php?rest_route=\/wp\/v2\/users\/2"}],"replies":[{"embeddable":true,"href":"http:\/\/ajguil.net\/ura\/index.php?rest_route=%2Fwp%2Fv2%2Fcomments&post=605"}],"version-history":[{"count":39,"href":"http:\/\/ajguil.net\/ura\/index.php?rest_route=\/wp\/v2\/pages\/605\/revisions"}],"predecessor-version":[{"id":3437,"href":"http:\/\/ajguil.net\/ura\/index.php?rest_route=\/wp\/v2\/pages\/605\/revisions\/3437"}],"wp:attachment":[{"href":"http:\/\/ajguil.net\/ura\/index.php?rest_route=%2Fwp%2Fv2%2Fmedia&parent=605"}],"curies":[{"name":"wp","href":"https:\/\/api.w.org\/{rel}","templated":true}]}}