{"id":786,"date":"2018-12-09T12:43:13","date_gmt":"2018-12-09T11:43:13","guid":{"rendered":"http:\/\/ajguil.net\/ura\/?page_id=786"},"modified":"2019-01-30T19:35:46","modified_gmt":"2019-01-30T18:35:46","slug":"annoncez-annoncez","status":"publish","type":"page","link":"https:\/\/ajguil.net\/ura\/?page_id=786","title":{"rendered":"Annoncez annoncez"},"content":{"rendered":"<p><strong><a href=\"mailto:aquitaine@fncta.fr?subject=Annonce%20de%20manifestation&amp;body=Nom%20de%20la%20troupe%0AN%C2%B0%20affiliation%20FNCTA%0ATitre%20de%20la%20pi%C3%A8ce%20de%20th%C3%A9%C3%A2tre%20ou%20du%20spectacle%0AAuteur(s)%0ALes%20dates%2C%20lieux%20avec%20adresses%2C%20heures%20de%20votre%20ou%20vos%20repr%C3%A9sentations%0AT%C3%A9l%20ou%20lien%20pour%20r%C3%A9server%0AUne%20fiche%20de%20pr%C3%A9sentation%20de%20la%20manifestation%2C%20pi%C3%A8ce%2C%20synopsis.%0ANom%20de%20la%20ou%20du%20metteur%20en%20sc%C3%A8ne%0AParticipation%20aux%20frais%20(Prix%20d%E2%80%99entr%C3%A9e).%C2%A0%0ATarif%20accord%C3%A9%20aux%20licenci%C3%A9s%20FNCTA%2C%20si%20cela%20est%20pr%C3%A9vu.%0AAutre%20information%20que%20vous%20jugerez%20utile%20%3A%20%0AAdresse%20de%20votre%20site%20web%20ou%20page%20Facebook%20(le%20cas%20%C3%A9ch%C3%A9ant).%0AAffiche%2C%C2%A0%C2%A0flyer%C2%A0de%20votre%20spectacle%20avec%20le%20logo%20FNCTA.%C2%A0(logo%20obligatoire%20sur%20vos%20supports%20de%20communication%20pour%20insertion%20sur%20le%20site%20ou%20dans%20la%20lettre%20d'information)%0AFormat%20jpg.%20Taille%20minimum%20800%20de%20large.%20Pas%20de%20format%20pdf%0ASi%20vos%20fichiers%20sont%20lourds%2C%20utilisez%20WWW.WETRANSFER.COM%0A\" target=\"_blank\" rel=\"noopener\"><span style=\"color: #800000;\">Annoncez <\/span>vos spectacles et vos manifestations<\/a><\/strong><\/p>\n<p><a href=\"mailto:aquitaine@fncta.fr?subject=Annonce%20de%20manifestation&amp;body=Nom%20de%20la%20troupe%0AN%C2%B0%20affiliation%20FNCTA%0ATitre%20de%20la%20pi%C3%A8ce%20de%20th%C3%A9%C3%A2tre%20ou%20du%20spectacle%0AAuteur(s)%0ALes%20dates%2C%20lieux%20avec%20adresses%2C%20heures%20de%20votre%20ou%20vos%20repr%C3%A9sentations%0AT%C3%A9l%20ou%20lien%20pour%20r%C3%A9server%0AUne%20fiche%20de%20pr%C3%A9sentation%20de%20la%20manifestation%2C%20pi%C3%A8ce%2C%20synopsis.%0ANom%20de%20la%20ou%20du%20metteur%20en%20sc%C3%A8ne%0AParticipation%20aux%20frais%20(Prix%20d%E2%80%99entr%C3%A9e).%C2%A0%0ATarif%20accord%C3%A9%20aux%20licenci%C3%A9s%20FNCTA%2C%20si%20cela%20est%20pr%C3%A9vu.%0AAutre%20information%20que%20vous%20jugerez%20utile%20%3A%20%0AAdresse%20de%20votre%20site%20web%20ou%20page%20Facebook%20(le%20cas%20%C3%A9ch%C3%A9ant).%0AAffiche%2C%C2%A0%C2%A0flyer%C2%A0de%20votre%20spectacle%20avec%20le%20logo%20FNCTA.%C2%A0(logo%20obligatoire%20sur%20vos%20supports%20de%20communication%20pour%20insertion%20sur%20le%20site%20ou%20dans%20la%20lettre%20d'information)%0AFormat%20jpg.%20Taille%20minimum%20800%20de%20large.%20Pas%20de%20format%20pdf%0ASi%20vos%20fichiers%20sont%20lourds%2C%20utilisez%20WWW.WETRANSFER.COM%0A\" target=\"_blank\" rel=\"noopener\">Cliquez et compl\u00e9tez, c&rsquo;est tout simple, et rapide depuis votre messagerie !<\/a>\u00a0 \u00a0Sinon, voyez plus bas<\/p>\n<p>Vous organisez un stage, un festival, une formation, vous jouez une pi\u00e8ce, une cr\u00e9ation?<\/p>\n<p>Vous recherchez un metteur en sc\u00e8ne, un technicien, des com\u00e9diens&#8230; du mat\u00e9riel&#8230;, Vous proposez des locations de mat\u00e9riel ou de costumes?<br \/>\nR\u00e9digez votre annonce\u00a0et nous la publierons dans notre prochaine lettre et sur le site.<br \/>\nRenseignements \u00e0 nous fournir : nom de la troupe. N\u00b0 FNCTA. Texte r\u00e9dig\u00e9 de votre annonce et coordonn\u00e9es du contact<\/p>\n<p>Partagez avec la communaut\u00e9 FNCTA et autres instances du th\u00e9\u00e2tre amateur!<\/p>\n<h2><strong><a href=\"mailto:aquitaine@fncta.fr?subject=Annonce%20de%20manifestation&amp;body=Nom%20de%20la%20troupe%0AN%C2%B0%20affiliation%20FNCTA%0ATitre%20de%20la%20pi%C3%A8ce%20de%20th%C3%A9%C3%A2tre%20ou%20du%20spectacle%0AAuteur(s)%0ALes%20dates%2C%20lieux%20avec%20adresses%2C%20heures%20de%20votre%20ou%20vos%20repr%C3%A9sentations%0AT%C3%A9l%20ou%20lien%20pour%20r%C3%A9server%0AUne%20fiche%20de%20pr%C3%A9sentation%20de%20la%20manifestation%2C%20pi%C3%A8ce%2C%20synopsis.%0ANom%20de%20la%20ou%20du%20metteur%20en%20sc%C3%A8ne%0AParticipation%20aux%20frais%20(Prix%20d%E2%80%99entr%C3%A9e).%C2%A0%0ATarif%20accord%C3%A9%20aux%20licenci%C3%A9s%20FNCTA%2C%20si%20cela%20est%20pr%C3%A9vu.%0AAutre%20information%20que%20vous%20jugerez%20utile%20%3A%20%0AAdresse%20de%20votre%20site%20web%20ou%20page%20Facebook%20(le%20cas%20%C3%A9ch%C3%A9ant).%0AAffiche%2C%C2%A0%C2%A0flyer%C2%A0de%20votre%20spectacle%20avec%20le%20logo%20FNCTA.%C2%A0(logo%20obligatoire%20sur%20vos%20supports%20de%20communication%20pour%20insertion%20sur%20le%20site%20ou%20dans%20la%20lettre%20d'information)%0AFormat%20jpg.%20Taille%20minimum%20800%20de%20large.%20Pas%20de%20format%20pdf%0ASi%20vos%20fichiers%20sont%20lourds%2C%20utilisez%20WWW.WETRANSFER.COM%0A\">Annoncez-nous vos spectacles et vos manifestations (formulaire \u00e0 compl\u00e9ter et renvoyer par mail)<\/a><\/strong><\/h2>\n<h4><span style=\"text-decoration: underline;\"><span style=\"color: #ff0000;\"><strong>Annoncez vos manifestations, stages, festivals, en suivant le mod\u00e8le ci-dessous que vous adapterez et enverrez \u00e0 <a style=\"color: #ff0000; text-decoration: underline;\" href=\"mailto:aquitaine@fncta.fr\">aquitaine@fncta.fr<\/a>\u00a0<\/strong><\/span><\/span><\/h4>\n<ul>\n<li><span style=\"color: #ff0000;\"><strong>Nom de la troupe<\/strong><\/span><\/li>\n<li><span style=\"color: #ff0000;\"><strong>N\u00b0 affiliation FNCTA<\/strong><\/span><\/li>\n<li>Titre de la pi\u00e8ce de th\u00e9\u00e2tre ou du spectacle ou du festival ou du stage&#8230;<\/li>\n<li>Auteur(s)<\/li>\n<li>Les dates, lieux avec adresses, heures de votre ou vos repr\u00e9sentations<\/li>\n<li>T\u00e9l ou lien pour r\u00e9server<\/li>\n<li>Une fiche de pr\u00e9sentation de la manifestation, pi\u00e8ce, synopsis.<\/li>\n<li>Nom de la ou du metteur en sc\u00e8ne<\/li>\n<li>Participation aux frais (Prix d\u2019entr\u00e9e).<\/li>\n<li>Tarif accord\u00e9 aux licenci\u00e9s FNCTA, si cela est pr\u00e9vu.<\/li>\n<li>Adresse de votre site web ou page Facebook (le cas \u00e9ch\u00e9ant).<\/li>\n<li><strong>Affiche<\/strong>,\u00a0<strong>\u00a0flyer\u00a0<\/strong>de votre spectacle avec le <a href=\"http:\/\/ajguil.net\/ura\/wp-admin\/upload.php\"><strong>logo FNCTA<\/strong>.<\/a>\u00a0(logo obligatoire sur vos supports de communication pour insertion sur le site ou dans la lettre d&rsquo;information)<\/li>\n<li><strong>Format jpg. Taille minimum 800 de large. <span style=\"color: #ff0000;\">Pas de format pdf<\/span><\/strong><\/li>\n<li>Photo de votre spectacle (\u00e9ventuellement). M\u00eames format et taille que l\u2019affiche.<\/li>\n<li>Coordonn\u00e9es du contact de la troupe (NOM, mail, t\u00e9l\u00e9phone)<\/li>\n<\/ul>\n<p>Si vos fichiers sont tr\u00e8s lourds, pensez \u00e0 <strong><a href=\"https:\/\/wetransfer.com\">wetransfer.com<\/a> <\/strong>version gratuite jusqu&rsquo;\u00e0 2 GO ou toute autre plateforme permettant de transf\u00e9rer gratuitement de gros fichiers.<\/p>\n","protected":false},"excerpt":{"rendered":"<p>Annoncez vos spectacles et vos manifestations Cliquez et compl\u00e9tez, c&rsquo;est tout simple, et rapide depuis <a class=\"more-link\" href=\"https:\/\/ajguil.net\/ura\/?page_id=786\">[&#8230;]<\/a><\/p>\n","protected":false},"author":2,"featured_media":0,"parent":0,"menu_order":0,"comment_status":"closed","ping_status":"closed","template":"","meta":{"footnotes":""},"class_list":["post-786","page","type-page","status-publish","hentry"],"_links":{"self":[{"href":"https:\/\/ajguil.net\/ura\/index.php?rest_route=\/wp\/v2\/pages\/786","targetHints":{"allow":["GET"]}}],"collection":[{"href":"https:\/\/ajguil.net\/ura\/index.php?rest_route=\/wp\/v2\/pages"}],"about":[{"href":"https:\/\/ajguil.net\/ura\/index.php?rest_route=\/wp\/v2\/types\/page"}],"author":[{"embeddable":true,"href":"https:\/\/ajguil.net\/ura\/index.php?rest_route=\/wp\/v2\/users\/2"}],"replies":[{"embeddable":true,"href":"https:\/\/ajguil.net\/ura\/index.php?rest_route=%2Fwp%2Fv2%2Fcomments&post=786"}],"version-history":[{"count":9,"href":"https:\/\/ajguil.net\/ura\/index.php?rest_route=\/wp\/v2\/pages\/786\/revisions"}],"predecessor-version":[{"id":1420,"href":"https:\/\/ajguil.net\/ura\/index.php?rest_route=\/wp\/v2\/pages\/786\/revisions\/1420"}],"wp:attachment":[{"href":"https:\/\/ajguil.net\/ura\/index.php?rest_route=%2Fwp%2Fv2%2Fmedia&parent=786"}],"curies":[{"name":"wp","href":"https:\/\/api.w.org\/{rel}","templated":true}]}}