{"id":929,"date":"2018-02-14T10:51:03","date_gmt":"2018-02-14T09:51:03","guid":{"rendered":"http:\/\/ajguil.net\/ura\/?page_id=929"},"modified":"2025-01-17T19:00:21","modified_gmt":"2025-01-17T18:00:21","slug":"entre-vous-et-nous","status":"publish","type":"page","link":"https:\/\/ajguil.net\/ura\/?page_id=929","title":{"rendered":"Nos ressources"},"content":{"rendered":"\n<p><span style=\"color: #800000;\"><strong>NOS RESSOURCES POUR VOS STAGES<\/strong><\/span><br \/>Nos animatrices intervenantes :Les animatrices intervenantes FNCTA peuvent vous conseiller sur un point technique de votre spectacle, animer un stage pour votre troupe si vous le souhaitez. Elles n&rsquo;interf\u00e8rent en aucun cas dans la gestion de votre groupe; elles sont personnes ressources pour vous conseiller sur un point pr\u00e9cis et vous apporter de la technique ainsi qu&rsquo;\u00e0 vos com\u00e9diens.<\/p>\n\n\n\n<p>Evelyne FLACHAT( 06 22 39 82 89 ) improvisation, mise en sc\u00e8ne, \u00e9criture, gestion du stress, mises en voix, r\u00e9pertoire contemporain ADULTES<\/p>\n\n\n\n<p>Nathalie BLANCHET<\/p>\n\n\n\n<p>Nos r\u00e9f\u00e9rents sont form\u00e9s par la FNCTA avec participation financi\u00e8re de l&rsquo;Union r\u00e9gionale, du candidat et de la FNCTA.<br \/>La formation des nouveaux r\u00e9f\u00e9rents est obligatoirement associ\u00e9e \u00e0 un projet d\u00e9fini par ou avec la Pr\u00e9sidente,&nbsp; Josiane GUILLAUME (06 11 75 36 51)<\/p>\n\n\n\n<p><span style=\"color: #800000;\"><strong>NOS LETTRES D&rsquo;INFORMATION<\/strong><\/span><\/p>\n\n\n\n<p><strong><span style=\"color: #0000ff;\"><a style=\"color: #0000ff;\" href=\"https:\/\/my.sendinblue.com\/users\/subscribe\/js_id\/2kpmq\/id\/2\">Pour vous abonner gratuitement \u00e0 la lettre d&rsquo;information de l&rsquo;Union R\u00e9gionale Aquitaine<\/a>&nbsp; &nbsp;&#8211; &nbsp;&nbsp;<a style=\"color: #0000ff;\" href=\"https:\/\/my.sendinblue.com\/users\/unsubscribe\/js_id\/2kpmq\/id\/1\">Pour vous d\u00e9sabonner<\/a><\/span><\/strong><\/p>\n\n\n\n<p>Tout comme nous, vous pouvez utiliser la plateforme Sendinblue pour l&rsquo;envoi de vos informations \u00e0 tous vos contacts qui souhaitent rester inform\u00e9s de vos actions<\/p>\n\n\n\n<p><strong><span style=\"color: #0000ff;\"><a style=\"color: #0000ff;\" href=\"http:\/\/www.fncta.fr\/accueil\/index.php\">Pour vous abonner \u00e0 la Newsletter de la FNCTA &#8211; F\u00e9d\u00e9ration Nationale des Compagnies de Th\u00e9\u00e2tre amateur et d&rsquo;Animation<\/a><\/span><\/strong><\/p>\n\n\n\n<h5 class=\"wp-block-heading\"><span style=\"color: #ff0000;\"><strong><a style=\"color: #ff0000;\" href=\"mailto:aquitaine@fncta.fr?subject=Annonce%20de%20manifestation&amp;body=Nom%20de%20la%20troupe%0AN%C2%B0%20affiliation%20FNCTA%0ATitre%20de%20la%20pi%C3%A8ce%20de%20th%C3%A9%C3%A2tre%20ou%20du%20spectacle%0AAuteur(s)%0ALes%20dates%2C%20lieux%20avec%20adresses%2C%20heures%20de%20votre%20ou%20vos%20repr%C3%A9sentations%0AT%C3%A9l%20ou%20lien%20pour%20r%C3%A9server%0AUne%20fiche%20de%20pr%C3%A9sentation%20de%20la%20manifestation%2C%20pi%C3%A8ce%2C%20synopsis.%0ANom%20de%20la%20ou%20du%20metteur%20en%20sc%C3%A8ne%0AParticipation%20aux%20frais%20(Prix%20d%E2%80%99entr%C3%A9e).%C2%A0%0ATarif%20accord%C3%A9%20aux%20licenci%C3%A9s%20FNCTA%2C%20si%20cela%20est%20pr%C3%A9vu.%0AAutre%20information%20que%20vous%20jugerez%20utile%20%3A%20%0AAdresse%20de%20votre%20site%20web%20ou%20page%20Facebook%20(le%20cas%20%C3%A9ch%C3%A9ant).%0AAffiche%2C%C2%A0%C2%A0flyer%C2%A0de%20votre%20spectacle%20avec%20le%20logo%20FNCTA.%C2%A0(logo%20obligatoire%20sur%20vos%20supports%20de%20communication%20pour%20insertion%20sur%20le%20site%20ou%20dans%20la%20lettre%20d'information)%0AFormat%20jpg.%20Taille%20minimum%20800%20de%20large.%20Pas%20de%20format%20pdf%0ASi%20vos%20fichiers%20sont%20lourds%2C%20utilisez%20WWW.WETRANSFER.COM%0A\"><span style=\"color: #800000;\">ANNONCER VOS MANIFESTATIONS <\/span><\/a><\/strong><\/span><\/h5>\n\n\n\n<h5 class=\"wp-block-heading\"><span style=\"color: #0000ff;\"><strong><a style=\"color: #0000ff;\" href=\"mailto:aquitaine@fncta.fr?subject=Annonce%20de%20manifestation&amp;body=Nom%20de%20la%20troupe%0AN%C2%B0%20affiliation%20FNCTA%0ATitre%20de%20la%20pi%C3%A8ce%20de%20th%C3%A9%C3%A2tre%20ou%20du%20spectacle%0AAuteur(s)%0ALes%20dates%2C%20lieux%20avec%20adresses%2C%20heures%20de%20votre%20ou%20vos%20repr%C3%A9sentations%0AT%C3%A9l%20ou%20lien%20pour%20r%C3%A9server%0AUne%20fiche%20de%20pr%C3%A9sentation%20de%20la%20manifestation%2C%20pi%C3%A8ce%2C%20synopsis.%0ANom%20de%20la%20ou%20du%20metteur%20en%20sc%C3%A8ne%0AParticipation%20aux%20frais%20(Prix%20d%E2%80%99entr%C3%A9e).%C2%A0%0ATarif%20accord%C3%A9%20aux%20licenci%C3%A9s%20FNCTA%2C%20si%20cela%20est%20pr%C3%A9vu.%0AAutre%20information%20que%20vous%20jugerez%20utile%20%3A%20%0AAdresse%20de%20votre%20site%20web%20ou%20page%20Facebook%20(le%20cas%20%C3%A9ch%C3%A9ant).%0AAffiche%2C%C2%A0%C2%A0flyer%C2%A0de%20votre%20spectacle%20avec%20le%20logo%20FNCTA.%C2%A0(logo%20obligatoire%20sur%20vos%20supports%20de%20communication%20pour%20insertion%20sur%20le%20site%20ou%20dans%20la%20lettre%20d'information)%0AFormat%20jpg.%20Taille%20minimum%20800%20de%20large.%20Pas%20de%20format%20pdf%0ASi%20vos%20fichiers%20sont%20lourds%2C%20utilisez%20WWW.WETRANSFER.COM%0A\">Pour annoncer vos spectacles, stages, festivals, animations, <span style=\"color: #ff0000;\">cliquez ICI<\/span> c&rsquo;est tout simple, et rapide depuis votre messagerie !<\/a>&nbsp;Sinon &gt;&gt;&gt; <span style=\"color: #ff0000;\"><a style=\"color: #ff0000;\" href=\"http:\/\/ajguil.net\/ura\/archives\/746\">cliquez I C I<\/a><\/span><\/strong><\/span><\/h5>\n\n\n\n<p><strong><span style=\"color: #800000;\">NOS LOGOS<\/span><\/strong><\/p>\n\n\n\n<p>Nous ne publions sur le site que les affiches des troupes se revendiquant de la FNCTA&nbsp; ou bien&nbsp; comportant un des logos FNCTA &#8230;<br \/>H\u00e9 oui ! nous ne sommes pas l\u00e0 par hasard!<\/p>\n\n\n\n<p>T\u00e9l\u00e9charger les logos pour les ins\u00e9rer sur&nbsp;<strong>vos affiches, flyers, sites etc.<\/strong><\/p>\n\n\n\n<p><strong><span style=\"color: #0000ff;\"><a style=\"color: #0000ff;\" href=\"http:\/\/ajguil.net\/ura\/wp-content\/uploads\/2016\/11\/AQUITAINE-logo-2x2.jpg\">Union R\u00e9gionale Aquitaine de la FNCTA<\/a><\/span><\/strong><\/p>\n\n\n<div class=\"wp-block-image\">\n<figure class=\"alignleft size-full\"><img loading=\"lazy\" decoding=\"async\" width=\"156\" height=\"157\" src=\"http:\/\/ajguil.net\/ura\/wp-content\/uploads\/2024\/04\/cropped-FNCTA_LOGO_UNION-AQUITAINE_RVB.jpg\" alt=\"\" class=\"wp-image-3555\" srcset=\"https:\/\/ajguil.net\/ura\/wp-content\/uploads\/2024\/04\/cropped-FNCTA_LOGO_UNION-AQUITAINE_RVB.jpg 156w, https:\/\/ajguil.net\/ura\/wp-content\/uploads\/2024\/04\/cropped-FNCTA_LOGO_UNION-AQUITAINE_RVB-150x150.jpg 150w, https:\/\/ajguil.net\/ura\/wp-content\/uploads\/2024\/04\/cropped-FNCTA_LOGO_UNION-AQUITAINE_RVB-100x100.jpg 100w, https:\/\/ajguil.net\/ura\/wp-content\/uploads\/2024\/04\/cropped-FNCTA_LOGO_UNION-AQUITAINE_RVB-40x40.jpg 40w\" sizes=\"auto, (max-width: 156px) 100vw, 156px\" \/><\/figure>\n<\/div>\n\n\n<p><\/p>\n\n\n\n<p><\/p>\n\n\n\n<p><\/p>\n\n\n\n<p><\/p>\n\n\n<div class=\"wp-block-image\">\n<figure class=\"alignleft size-full is-resized\"><img loading=\"lazy\" decoding=\"async\" width=\"975\" height=\"500\" src=\"https:\/\/ajguil.net\/ura\/wp-content\/uploads\/2024\/05\/FNCTA_LOGO_COMPLET.jpg\" alt=\"\" class=\"wp-image-3579\" style=\"width:365px;height:auto\" srcset=\"https:\/\/ajguil.net\/ura\/wp-content\/uploads\/2024\/05\/FNCTA_LOGO_COMPLET.jpg 975w, https:\/\/ajguil.net\/ura\/wp-content\/uploads\/2024\/05\/FNCTA_LOGO_COMPLET-600x308.jpg 600w, https:\/\/ajguil.net\/ura\/wp-content\/uploads\/2024\/05\/FNCTA_LOGO_COMPLET-768x394.jpg 768w\" sizes=\"auto, (max-width: 975px) 100vw, 975px\" \/><\/figure>\n<\/div>\n\n\n<h4 class=\"wp-block-heading\">&nbsp;<\/h4>\n\n\n\n<h4 class=\"wp-block-heading\">&nbsp;<\/h4>\n\n\n\n<h4 class=\"wp-block-heading\">&nbsp;<\/h4>\n\n\n\n<h4 class=\"wp-block-heading\">&nbsp;<\/h4>\n\n\n\n<figure class=\"wp-block-image size-medium is-resized\"><img loading=\"lazy\" decoding=\"async\" width=\"442\" height=\"500\" src=\"https:\/\/ajguil.net\/ura\/wp-content\/uploads\/2025\/01\/FNCTA_LOGO_RVB-442x500.png\" alt=\"\" class=\"wp-image-3641\" style=\"aspect-ratio:1.3333333333333333;object-fit:contain;width:229px;height:auto\" srcset=\"https:\/\/ajguil.net\/ura\/wp-content\/uploads\/2025\/01\/FNCTA_LOGO_RVB-442x500.png 442w, https:\/\/ajguil.net\/ura\/wp-content\/uploads\/2025\/01\/FNCTA_LOGO_RVB-905x1024.png 905w, https:\/\/ajguil.net\/ura\/wp-content\/uploads\/2025\/01\/FNCTA_LOGO_RVB-768x869.png 768w, https:\/\/ajguil.net\/ura\/wp-content\/uploads\/2025\/01\/FNCTA_LOGO_RVB-1358x1536.png 1358w, https:\/\/ajguil.net\/ura\/wp-content\/uploads\/2025\/01\/FNCTA_LOGO_RVB-1811x2048.png 1811w\" sizes=\"auto, (max-width: 442px) 100vw, 442px\" \/><\/figure>\n\n\n\n<p><\/p>\n\n\n\n<p><\/p>\n\n\n\n<p><\/p>\n\n\n\n<h4 class=\"wp-block-heading\"><em><span style=\"color: #800000;\"><strong>VOUS ORGANISEZ UNE MANIFESTATION? <\/strong><\/span><\/em> <\/h4>\n\n\n\n<p><strong>Contactez-nous, nous pouvons diffuser vos appels \u00e0 candidatures et annonces de dates.<\/strong><\/p>\n\n\n\n<h6 class=\"wp-block-heading\"><em><span style=\"color: #800000;\"><strong>Renseignements au 0611753651<\/strong><\/span><\/em><\/h6>\n\n\n\n<p><span style=\"color: #800000;\"><span style=\"color: #800000;\"><b>DANS LES AUTRES R\u00c9GIONS&nbsp;OU D\u00c9PARTEMENTS&nbsp;<\/b><\/span><\/span><\/p>\n\n\n\n<p><strong><a href=\"http:\/\/www.fnctaidf.fr\">L&rsquo;UNION ILE DE FRANCE &#8211; FNCTA<\/a> <\/strong><\/p>\n\n\n\n<ul class=\"wp-block-list\">\n<li><strong>a renouvel\u00e9 des partenariats avec <span style=\"color: #800000;\">plusieurs th\u00e9\u00e2tres franciliens.<\/span><\/strong><br \/>Ces partenariats permettent<strong> \u00e0 tous les licenci\u00e9s de la FNCTA (Ile-de-France ou non) \u2013<\/strong> <strong>sur pr\u00e9sentation de leur carte FNCTA<\/strong> \u2013 de b\u00e9n\u00e9ficier de tarifs pr\u00e9f\u00e9rentiels sur les programmes propos\u00e9s.D\u00e9couvrez les avantages pour les th\u00e9\u00e2tres suivants :&nbsp;<a href=\"http:\/\/www.fnctaidf.fr\/fncta-union-regionale-ile-de-france\/partenaires\/theatre-du-rond-point\/\">Le Rond-Point<\/a>,&nbsp;<a href=\"http:\/\/www.fnctaidf.fr\/fncta-union-regionale-ile-de-france\/partenaires\/theatre-de-la-colline\/\">La Colline<\/a>,&nbsp;<a href=\"http:\/\/www.fnctaidf.fr\/fncta-union-regionale-ile-de-france\/partenaires\/theatre-des-quartiers-d-ivry\/\">le th\u00e9\u00e2tre des quartiers d\u2019Ivry<\/a>,&nbsp;<a href=\"http:\/\/www.fnctaidf.fr\/fncta-union-regionale-ile-de-france\/partenaires\/theatre-13\/\">le th\u00e9\u00e2tre 13<\/a>,&nbsp;<a href=\"http:\/\/www.fnctaidf.fr\/fncta-union-regionale-ile-de-france\/partenaires\/theatre-71\/\">le th\u00e9\u00e2tre 71 Malakoff<\/a>,&nbsp;<a href=\"http:\/\/www.fnctaidf.fr\/fncta-union-regionale-ile-de-france\/partenaires\/mc93-bobigny\/\">la MC93 Bobigny<\/a>.<span style=\"font-family: 'Droid Sans', sans-serif; font-size: 20px;\">&nbsp;<\/span><\/li>\n\n\n\n<li><span style=\"color: #3366ff;\"><span style=\"color: #2664a3;\"><strong><span style=\"color: #000000;\">vient de n\u00e9gocier avec<\/span> IMPRIMERIE EUROP\u00c9ENNE <\/strong><\/span>:<\/span> avantages consentis <strong><span style=\"color: #800000;\">aux troupes affili\u00e9es FNCTA&nbsp;<\/span><\/strong><a href=\"http:\/\/www.fnctaidf.fr\/imprimerie-europeenne-remise-exclusive-fncta\/\"> ===&gt;&gt;Mode d&#8217;emploi<\/a><\/li>\n<\/ul>\n\n\n\n<p>Merci \u00e0 l&rsquo;<span style=\"color: #800000;\"><strong><a href=\"http:\/\/www.fnctaidf.fr\">Union Ile de France&nbsp;<\/a><\/strong><\/span>pour son action au b\u00e9n\u00e9fice de tous les adh\u00e9rents.<\/p>\n","protected":false},"excerpt":{"rendered":"<p>NOS RESSOURCES POUR VOS STAGESNos animatrices intervenantes :Les animatrices intervenantes FNCTA peuvent vous conseiller sur <a class=\"more-link\" href=\"https:\/\/ajguil.net\/ura\/?page_id=929\">[&#8230;]<\/a><\/p>\n","protected":false},"author":2,"featured_media":0,"parent":942,"menu_order":0,"comment_status":"closed","ping_status":"closed","template":"","meta":{"footnotes":""},"class_list":["post-929","page","type-page","status-publish","hentry"],"_links":{"self":[{"href":"https:\/\/ajguil.net\/ura\/index.php?rest_route=\/wp\/v2\/pages\/929","targetHints":{"allow":["GET"]}}],"collection":[{"href":"https:\/\/ajguil.net\/ura\/index.php?rest_route=\/wp\/v2\/pages"}],"about":[{"href":"https:\/\/ajguil.net\/ura\/index.php?rest_route=\/wp\/v2\/types\/page"}],"author":[{"embeddable":true,"href":"https:\/\/ajguil.net\/ura\/index.php?rest_route=\/wp\/v2\/users\/2"}],"replies":[{"embeddable":true,"href":"https:\/\/ajguil.net\/ura\/index.php?rest_route=%2Fwp%2Fv2%2Fcomments&post=929"}],"version-history":[{"count":30,"href":"https:\/\/ajguil.net\/ura\/index.php?rest_route=\/wp\/v2\/pages\/929\/revisions"}],"predecessor-version":[{"id":3645,"href":"https:\/\/ajguil.net\/ura\/index.php?rest_route=\/wp\/v2\/pages\/929\/revisions\/3645"}],"up":[{"embeddable":true,"href":"https:\/\/ajguil.net\/ura\/index.php?rest_route=\/wp\/v2\/pages\/942"}],"wp:attachment":[{"href":"https:\/\/ajguil.net\/ura\/index.php?rest_route=%2Fwp%2Fv2%2Fmedia&parent=929"}],"curies":[{"name":"wp","href":"https:\/\/api.w.org\/{rel}","templated":true}]}}